{"id":575,"date":"2021-12-13T16:34:57","date_gmt":"2021-12-13T15:34:57","guid":{"rendered":"https:\/\/maronfamily.ch\/?page_id=575"},"modified":"2022-01-13T19:24:40","modified_gmt":"2022-01-13T18:24:40","slug":"maron-emilia","status":"publish","type":"page","link":"https:\/\/maronfamily.ch\/?page_id=575","title":{"rendered":"Maron, Emilia"},"content":{"rendered":"<section class=\"rp_truncate\"><div class=\"rp_header\" itemscope itemtype=\"https:\/\/schema.org\/Person\"><meta itemprop=\"gender\" content=\"F\"\/><div float:left;\"><a href=\"https:\/\/maronfamily.ch\/wp-content\/uploads\/2022\/01\/2022_01_09_15.32.38-Emilia-Nascimento-300x269.jpg\"><img decoding=\"async\" class=\"rp_headerbox\" src=\"https:\/\/maronfamily.ch\/wp-content\/uploads\/2022\/01\/2022_01_09_15.32.38-Emilia-Nascimento-300x269.jpg\"  itemprop=\"image\" \/><\/a><\/div><div class=\"rp_headerbox\"><span class=\"rp_headerbox\" id=\"hdr_name\" itemprop=\"name\">Emilia  MARON<\/span><span class=\"rp_headerbox\" style=\"padding-left:15px;text-align:right;color:#EBDDE2;display:none;\">I79<\/span><br\/>b: <span itemprop=\"birth\" itemscope itemtype=\"https:\/\/schema.org\/Event\"><span itemprop=\"startDate\" content=\"1894\">20 JUN 1894<\/span><\/span><br\/>d: <span itemprop=\"death\" itemscope itemtype=\"https:\/\/schema.org\/Event\"><\/span><\/div><\/div><\/section><section class=\"rp_truncate\"><div class=\"rp_banner\">Facts<\/div><div class=\"rp_facts\"><ul><li>20 JUN 1894 - Birth -  ; <span class=\"rp_place\">, Bevilacqua, , Provincia di Verona, Venetien, Italien<\/span><\/li><\/ul><\/div><\/section><section class=\"rp_truncate\"><div class=\"rp_banner\">Ancestors<\/div><div class=\"rp_ancestors\"><table cellpadding=\"0\" cellspacing=\"0\" class=\"ancestors\"><tbody><tr><td colspan=\"2\" rowspan=\"6\">&#160;<\/td><td colspan=\"3\" rowspan=\"2\">&#160;<\/td><td>&#160;<\/td><td rowspan=\"2\" class=\"rp_nameBox\" style=\"border-color:brown !important\"><div class=\"nospace\" itemscope itemtype=\"https:\/\/schema.org\/Person\"><meta itemprop=\"gender\" content=\"M\"\/><a href=\"https:\/\/maronfamily.ch?page_id=543\"><span class=\"nospace\" id=\"ancI75_name\" itemprop=\"name\">Angelo  Maron<\/span><\/a><br\/><span itemprop=\"birth\" itemscope itemtype=\"https:\/\/schema.org\/Event\"><\/span> - <span itemprop=\"death\" itemscope itemtype=\"https:\/\/schema.org\/Event\"><\/span><\/div><\/td><\/tr><tr><td class=\"rp_topleft\" style=\"border-color:brown !important\">&#160;<\/td><\/tr><tr><td>&#160;<\/td><td rowspan=\"2\" class=\"rp_nameBox\" style=\"border-color:brown !important\"><div class=\"nospace\" itemscope itemtype=\"https:\/\/schema.org\/Person\"><meta itemprop=\"gender\" content=\"M\"\/><a href=\"https:\/\/maronfamily.ch?page_id=232\"><span class=\"nospace\" id=\"ancI7_name\" itemprop=\"name\">Romolo  MARON<\/span><\/a><br\/><span itemprop=\"birth\" itemscope itemtype=\"https:\/\/schema.org\/Event\"><span itemprop=\"startDate\" content=\"1864\">30 JUL 1864<\/span><\/span> - <span itemprop=\"death\" itemscope itemtype=\"https:\/\/schema.org\/Event\"><span itemprop=\"startDate\" content=\"1935\">18 AUG 1935<\/span><\/span><\/div><\/td><td class=\"rp_bottom\" style=\"border-color:brown !important\">&#160;<\/td><td colspan=\"2\" rowspan=\"2\" class=\"rp_left\" style=\"border-color:brown !important\">&#160;<\/td><\/tr><tr><td class=\"rp_topleft\" style=\"border-color:brown !important\">&#160;<\/td><td>&#160;<\/td><\/tr><tr><td colspan=\"3\" rowspan=\"6\" class=\"rp_left\" style=\"border-color:brown !important\">&#160;<\/td><td class=\"rp_leftbottom\" style=\"border-color:brown !important\">&#160;<\/td><td rowspan=\"2\" class=\"rp_nameBox\" style=\"border-color:brown !important\"><div class=\"nospace\" itemscope itemtype=\"https:\/\/schema.org\/Person\"><meta itemprop=\"gender\" content=\"F\"\/><a href=\"https:\/\/maronfamily.ch?page_id=574\"><span class=\"nospace\" id=\"ancI76_name\" itemprop=\"name\">Luigia  MARELLO<\/span><\/a><br\/><span itemprop=\"birth\" itemscope itemtype=\"https:\/\/schema.org\/Event\"><\/span> - <span itemprop=\"death\" itemscope itemtype=\"https:\/\/schema.org\/Event\"><\/span><\/div><\/td><\/tr><tr><td>&#160;<\/td><\/tr><tr><td rowspan=\"2\" class=\"rp_nameBox\" style=\"border-color:brown !important\"><div class=\"nospace\" itemscope itemtype=\"https:\/\/schema.org\/Person\"><meta itemprop=\"gender\" content=\"F\"\/><a href=\"https:\/\/maronfamily.ch?page_id=575\"><span class=\"nospace\" id=\"ancI79_name\" itemprop=\"name\">Emilia  MARON<\/span><\/a><br\/><span itemprop=\"birth\" itemscope itemtype=\"https:\/\/schema.org\/Event\"><span itemprop=\"startDate\" content=\"1894\">20 JUN 1894<\/span><\/span> - <span itemprop=\"death\" itemscope itemtype=\"https:\/\/schema.org\/Event\"><\/span><\/div><\/td><td class=\"rp_bottom\" style=\"border-color:brown !important\">&#160;<\/td><td colspan=\"2\" rowspan=\"2\">&#160;<\/td><\/tr><tr><td>&#160;<\/td><\/tr><tr><td colspan=\"2\" rowspan=\"6\">&#160;<\/td><td>&#160;<\/td><td rowspan=\"2\" class=\"rp_nameBox\" style=\"border-color:brown !important\"><div class=\"nospace\" itemscope itemtype=\"https:\/\/schema.org\/Person\"><meta itemprop=\"gender\" content=\"M\"\/><a href=\"https:\/\/maronfamily.ch?page_id=541\"><span class=\"nospace\" id=\"ancI77_name\" itemprop=\"name\">Celeste  Lucco<\/span><\/a><br\/><span itemprop=\"birth\" itemscope itemtype=\"https:\/\/schema.org\/Event\"><\/span> - <span itemprop=\"death\" itemscope itemtype=\"https:\/\/schema.org\/Event\"><\/span><\/div><\/td><\/tr><tr><td class=\"rp_topleft\" style=\"border-color:brown !important\">&#160;<\/td><\/tr><tr><td class=\"rp_leftbottom\" style=\"border-color:brown !important\">&#160;<\/td><td rowspan=\"2\" class=\"rp_nameBox\" style=\"border-color:brown !important\"><div class=\"nospace\" itemscope itemtype=\"https:\/\/schema.org\/Person\"><meta itemprop=\"gender\" content=\"F\"\/><a href=\"https:\/\/maronfamily.ch?page_id=542\"><span class=\"nospace\" id=\"ancI8_name\" itemprop=\"name\">Rosa  LUCCO<\/span><\/a><br\/><span itemprop=\"birth\" itemscope itemtype=\"https:\/\/schema.org\/Event\"><span itemprop=\"startDate\" content=\"1867\">1867<\/span><\/span> - <span itemprop=\"death\" itemscope itemtype=\"https:\/\/schema.org\/Event\"><span itemprop=\"startDate\" content=\"1946\">13 SEP 1946<\/span><\/span><\/div><\/td><td class=\"rp_bottom\" style=\"border-color:brown !important\">&#160;<\/td><td colspan=\"2\" rowspan=\"2\" class=\"rp_left\" style=\"border-color:brown !important\">&#160;<\/td><\/tr><tr><td>&#160;<\/td><td>&#160;<\/td><\/tr><tr><td colspan=\"3\" rowspan=\"2\">&#160;<\/td><td class=\"rp_leftbottom\" style=\"border-color:brown !important\">&#160;<\/td><td rowspan=\"2\" class=\"rp_nameBox\" style=\"border-color:brown !important\"><div class=\"nospace\" itemscope itemtype=\"https:\/\/schema.org\/Person\"><meta itemprop=\"gender\" content=\"F\"\/><a href=\"https:\/\/maronfamily.ch?page_id=600\"><span class=\"nospace\" id=\"ancI78_name\" itemprop=\"name\">Angela  SCOTTONI<\/span><\/a><br\/><span itemprop=\"birth\" itemscope itemtype=\"https:\/\/schema.org\/Event\"><\/span> - <span itemprop=\"death\" itemscope itemtype=\"https:\/\/schema.org\/Event\"><\/span><\/div><\/td><\/tr><tr><td>&#160;<\/td><\/tr><\/tbody><\/table><\/div><\/section><section class=\"rp_truncate\"><div class=\"rp_banner\">Family Group Sheet - Child<\/div><div class=\"rp_family\"><table class=\"familygroup\" style=\"border-color:brown !important\" itemscope itemtype=\"https:\/\/schema.org\/Family\"><tbody><tr id=\"c0pI7\" itemprop=\"parents\" itemscope itemtype=\"https:\/\/schema.org\/Person\"><td class=\"full\" colspan=\"4\" style=\"color:black;background-image:url('https:\/\/maronfamily.ch\/wp-content\/plugins\/rootspersona\/images\/familyGroupSidebar.jpg') !important;border-color:brown !important\">PARENT (<span itemprop=\"gender\">M<\/span>) <a href=\"https:\/\/maronfamily.ch?page_id=232\" itemprop=\"name\">Romolo  MARON<\/a><span itemprop=\"birth\" itemscope itemtype=\"https:\/\/schema.org\/Event\" itemref=\"c0pI7_bdate c0pI7_bloc\"><\/span><span itemprop=\"death\" itemscope itemtype=\"https:\/\/schema.org\/Event\" itemref=\"c0pI7_ddate c0pI7_dloc\"><\/span><span itemprop=\"marriages\" itemscope itemtype=\"https:\/\/schema.org\/Event\" itemref=\"c0pI7_mdate c0pI7_mloc\"><\/span><span itemprop=\"parents\" itemscope itemtype=\"https:\/\/schema.org\/Person\" itemref=\"c0pI7_father\"><\/span><span itemprop=\"parents\" itemscope itemtype=\"https:\/\/schema.org\/Person\" itemref=\"c0pI7_mother\"><\/span><\/td><\/tr><tr id=\"c0pI7_birth\"><td class=\"inset\" rowspan=\"5\" style=\"color:black;background-image:url('https:\/\/maronfamily.ch\/wp-content\/plugins\/rootspersona\/images\/familyGroupSidebar.jpg') !important;border-color:brown !important\" ><td class=\"label\" style=\"border-color:brown !important\">Birth<\/td><td id=\"c0pI7_bdate\" itemprop=\"startDate\" class=\"rp_date\" style=\"border-color:brown !important\">30 JUL 1864<\/td><td id=\"c0pI7_bloc\" itemprop=\"location\" itemscope itemtype=\"http:\/\/schema.org\/Place\" class=\"notes\" style=\"border-color:brown !important\"><span itemprop=\"name\">, Bevilacqua, , Provincia di Verona, Venetien, Italien<\/span><\/td><\/tr><tr id=\"c0pI7_death\"><td class=\"label\" style=\"border-color:brown !important\">Death<\/td><td id=\"c0pI7_ddate\" itemprop=\"startDate\" class=\"rp_date\" style=\"border-color:brown !important\">18 AUG 1935 <\/td><td id=\"c0pI7_dloc\" itemprop=\"location\" itemscope itemtype=\"http:\/\/schema.org\/Place\" class=\"notes\" style=\"border-color:brown !important\"><span itemprop=\"name\">, S\u00e3o Manuel, , S\u00e3o Manuel, S\u00e3o Paulo, Brasilien<\/span><\/td><\/tr><tr id=\"c0pI70_marriage\"><td class=\"label\" style=\"border-color:brown !important\">Marriage<\/td><td id=\"c0pI70_mdate\" class=\"rp_date\" style=\"border-color:brown !important\" itemprop=\"startDate\">19 FEB 1889<\/td><td class=\"notes\" style=\"border-color:brown !important\">to <a href=\"https:\/\/maronfamily.ch?page_id=542\" itemprop=\"attendees\" itemscope itemtype=\"https:\/\/schema.org\/Person\"><span itemprop=\"name\">Rosa  LUCCO<\/span><\/a> <span  id=\"c0pI70_mloc\" itemprop=\"location\" itemscope itemtype=\"http:\/\/schema.org\/Place\"><span itemprop=\"name\"> at , Minerbe, , Provincia di Verona, Venetien, Italien<\/span><\/span><\/td><\/tr><tr id=\"c0pI7_father\"><td class=\"label\" style=\"border-color:brown !important\">Father<\/td><td class=\"parent\" colspan=\"2\" style=\"border-color:brown !important\"><a href=\"https:\/\/maronfamily.ch?page_id=543\" itemprop=\"name\">Angelo  Maron<\/a><\/td><\/tr><tr id=\"c0pI7_mother\"><td class=\"label\" style=\"border-color:brown !important\">Mother<\/td><td class=\"parent\" colspan=\"2\" style=\"border-color:brown !important\"><a href=\"https:\/\/maronfamily.ch?page_id=574\" itemprop=\"name\">Luigia  MARELLO<\/a><\/td><\/tr><tr id=\"c0mI8\" itemprop=\"parents\" itemscope itemtype=\"https:\/\/schema.org\/Person\"><td class=\"full\" colspan=\"4\" style=\"color:black;background-image:url('https:\/\/maronfamily.ch\/wp-content\/plugins\/rootspersona\/images\/familyGroupSidebar.jpg') !important;border-color:brown !important\">PARENT (<span itemprop=\"gender\">F<\/span>) <a href=\"https:\/\/maronfamily.ch?page_id=542\" itemprop=\"name\">Rosa  LUCCO<\/a><span itemprop=\"birth\" itemscope itemtype=\"https:\/\/schema.org\/Event\" itemref=\"c0mI8_bdate c0mI8_bloc\"><\/span><span itemprop=\"death\" itemscope itemtype=\"https:\/\/schema.org\/Event\" itemref=\"c0mI8_ddate c0mI8_dloc\"><\/span><span itemprop=\"marriages\" itemscope itemtype=\"https:\/\/schema.org\/Event\" itemref=\"c0mI8_mdate c0mI8_mloc\"><\/span><span itemprop=\"parents\" itemscope itemtype=\"https:\/\/schema.org\/Person\" itemref=\"c0mI8_father\"><\/span><span itemprop=\"parents\" itemscope itemtype=\"https:\/\/schema.org\/Person\" itemref=\"c0mI8_mother\"><\/span><\/td><\/tr><tr id=\"c0mI8_birth\"><td class=\"inset\" rowspan=\"5\" style=\"color:black;background-image:url('https:\/\/maronfamily.ch\/wp-content\/plugins\/rootspersona\/images\/familyGroupSidebar.jpg') !important;border-color:brown !important\" ><td class=\"label\" style=\"border-color:brown !important\">Birth<\/td><td id=\"c0mI8_bdate\" itemprop=\"startDate\" class=\"rp_date\" style=\"border-color:brown !important\">1867<\/td><td id=\"c0mI8_bloc\" itemprop=\"location\" itemscope itemtype=\"http:\/\/schema.org\/Place\" class=\"notes\" style=\"border-color:brown !important\"><span itemprop=\"name\">, Bevilacqua, , Provincia di Verona, Venetien, Italien<\/span><\/td><\/tr><tr id=\"c0mI8_death\"><td class=\"label\" style=\"border-color:brown !important\">Death<\/td><td id=\"c0mI8_ddate\" itemprop=\"startDate\" class=\"rp_date\" style=\"border-color:brown !important\">13 SEP 1946 <\/td><td id=\"c0mI8_dloc\" itemprop=\"location\" itemscope itemtype=\"http:\/\/schema.org\/Place\" class=\"notes\" style=\"border-color:brown !important\"><span itemprop=\"name\">, S\u00e3o Manuel, , S\u00e3o Manuel, S\u00e3o Paulo, Brasilien<\/span><\/td><\/tr><tr id=\"c0mI80_marriage\"><td class=\"label\" style=\"border-color:brown !important\">Marriage<\/td><td id=\"c0mI80_mdate\" class=\"rp_date\" style=\"border-color:brown !important\" itemprop=\"startDate\">19 FEB 1889<\/td><td class=\"notes\" style=\"border-color:brown !important\">to <a href=\"https:\/\/maronfamily.ch?page_id=232\" itemprop=\"attendees\" itemscope itemtype=\"https:\/\/schema.org\/Person\"><span itemprop=\"name\">Romolo  MARON<\/span><\/a> <span  id=\"c0mI80_mloc\" itemprop=\"location\" itemscope itemtype=\"http:\/\/schema.org\/Place\"><span itemprop=\"name\"> at , Minerbe, , Provincia di Verona, Venetien, Italien<\/span><\/span><\/td><\/tr><tr id=\"c0mI8_father\"><td class=\"label\" style=\"border-color:brown !important\">Father<\/td><td class=\"parent\" colspan=\"2\" style=\"border-color:brown !important\"><a href=\"https:\/\/maronfamily.ch?page_id=541\" itemprop=\"name\">Celeste  Lucco<\/a><\/td><\/tr><tr id=\"c0mI8_mother\"><td class=\"label\" style=\"border-color:brown !important\">Mother<\/td><td class=\"parent\" colspan=\"2\" style=\"border-color:brown !important\"><a href=\"https:\/\/maronfamily.ch?page_id=600\" itemprop=\"name\">Angela  SCOTTONI<\/a><\/td><\/tr><tr><td class=\"full\" colspan=\"4\" style=\"color:black;background-image:url('https:\/\/maronfamily.ch\/wp-content\/plugins\/rootspersona\/images\/familyGroupSidebar.jpg') !important;border-color:brown !important\">CHILDREN<\/td><\/tr><tr id=\"c0c0I5\" itemprop=\"children\" itemscope itemtype=\"https:\/\/schema.org\/Person\"><td class=\"gender\" style=\"color:black;background-image:url('https:\/\/maronfamily.ch\/wp-content\/plugins\/rootspersona\/images\/familyGroupSidebar.jpg') !important;border-color:brown !important\" itemprop=\"gender\">M<\/td><td class=\"child\" colspan=\"3\" style=\"color:black;background-image:url('https:\/\/maronfamily.ch\/wp-content\/plugins\/rootspersona\/images\/familyGroupSidebar.jpg') !important;border-color:brown !important\"><a href=\"https:\/\/maronfamily.ch?page_id=229\" itemprop=\"name\">Evaristo  MARON<\/a><span itemprop=\"birth\" itemscope itemtype=\"https:\/\/schema.org\/Event\" itemref=\"c0c0I5_bdate c0c0I5_bloc\"><\/span><span itemprop=\"death\" itemscope itemtype=\"https:\/\/schema.org\/Event\" itemref=\"c0c0I5_ddate c0c0I5_dloc\"><\/span><span itemprop=\"marriages\" itemscope itemtype=\"https:\/\/schema.org\/Event\" itemref=\"c0c0I5_mdate c0c0I5_mloc\"><\/span><\/td><\/tr><tr id=\"c0c0I5_birth\"><td class=\"inset\" rowspan=\"3\" style=\"color:black;background-image:url('https:\/\/maronfamily.ch\/wp-content\/plugins\/rootspersona\/images\/familyGroupSidebar.jpg') !important;border-color:brown !important\"\/><td class=\"label\" style=\"border-color:brown !important\">Birth<\/td><td id=\"c0c0I5_bdate\" itemprop=\"startDate\" class=\"rp_date\" style=\"border-color:brown !important\">7 JAN 1899<\/td><td id=\"c0c0I5_bloc\" itemprop=\"location\" itemscope itemtype=\"http:\/\/schema.org\/Place\" class=\"notes\" style=\"border-color:brown !important\"><span itemprop=\"name\">, S\u00e3o Manuel, , S\u00e3o Manuel, S\u00e3o Paulo, Brasilien<\/span><\/td><\/tr><tr id=\"c0c0I5_death\"><td class=\"label\" style=\"border-color:brown !important\">Death<\/td><td id=\"c0c0I5_ddate\" itemprop=\"startDate\" class=\"rp_date\" style=\"border-color:brown !important\">28 DEC 1980<\/td><td id=\"c0c0I5_dloc\" itemprop=\"location\" itemscope itemtype=\"http:\/\/schema.org\/Place\" class=\"notes\" style=\"border-color:brown !important\"><span itemprop=\"name\">, S\u00e3o Manuel, , S\u00e3o Manuel, S\u00e3o Paulo, Brasilien<\/span><\/td><\/tr><tr id=\"c0c0I50_marriage\"><td class=\"label\" style=\"border-color:brown !important\">Marriage<\/td><td id=\"c0c0I50_mdate\" class=\"rp_date\" style=\"border-color:brown !important\" itemprop=\"startDate\">27 NOV 1924<\/td><td class=\"notes\" style=\"border-color:brown !important\">to <a href=\"https:\/\/maronfamily.ch?page_id=235\" itemprop=\"attendees\" itemscope itemtype=\"https:\/\/schema.org\/Person\"><span itemprop=\"name\">Martha  Paoleschi<\/span><\/a> <span  id=\"c0c0I50_mloc\" itemprop=\"location\" itemscope itemtype=\"http:\/\/schema.org\/Place\"><span itemprop=\"name\"><\/span><\/span><\/td><\/tr><tr id=\"c0c1I79\" itemprop=\"children\" itemscope itemtype=\"https:\/\/schema.org\/Person\"><td class=\"gender\" style=\"color:black;background-image:url('https:\/\/maronfamily.ch\/wp-content\/plugins\/rootspersona\/images\/familyGroupSidebar.jpg') !important;border-color:brown !important\" itemprop=\"gender\">F<\/td><td class=\"child\" colspan=\"3\" style=\"color:black;background-image:url('https:\/\/maronfamily.ch\/wp-content\/plugins\/rootspersona\/images\/familyGroupSidebar.jpg') !important;border-color:brown !important\"><a href=\"https:\/\/maronfamily.ch?page_id=575\" itemprop=\"name\">Emilia  MARON<\/a><span itemprop=\"birth\" itemscope itemtype=\"https:\/\/schema.org\/Event\" itemref=\"c0c1I79_bdate c0c1I79_bloc\"><\/span><span itemprop=\"death\" itemscope itemtype=\"https:\/\/schema.org\/Event\" itemref=\"c0c1I79_ddate c0c1I79_dloc\"><\/span><span itemprop=\"marriages\" itemscope itemtype=\"https:\/\/schema.org\/Event\" itemref=\"c0c1I79_mdate c0c1I79_mloc\"><\/span><\/td><\/tr><tr id=\"c0c1I79_birth\"><td class=\"inset\" rowspan=\"2\" style=\"color:black;background-image:url('https:\/\/maronfamily.ch\/wp-content\/plugins\/rootspersona\/images\/familyGroupSidebar.jpg') !important;border-color:brown !important\"\/><td class=\"label\" style=\"border-color:brown !important\">Birth<\/td><td id=\"c0c1I79_bdate\" itemprop=\"startDate\" class=\"rp_date\" style=\"border-color:brown !important\">20 JUN 1894<\/td><td id=\"c0c1I79_bloc\" itemprop=\"location\" itemscope itemtype=\"http:\/\/schema.org\/Place\" class=\"notes\" style=\"border-color:brown !important\"><span itemprop=\"name\">, Bevilacqua, , Provincia di Verona, Venetien, Italien<\/span><\/td><\/tr><tr id=\"c0c1I79_death\"><td class=\"label\" style=\"border-color:brown !important\">Death<\/td><td id=\"c0c1I79_ddate\" itemprop=\"startDate\" class=\"rp_date\" style=\"border-color:brown !important\"><\/td><td id=\"c0c1I79_dloc\" itemprop=\"location\" itemscope itemtype=\"http:\/\/schema.org\/Place\" class=\"notes\" style=\"border-color:brown !important\"><span itemprop=\"name\"><\/span><\/td><\/tr><\/tbody><\/table><\/div><\/section><section class=\"rp_truncate\"><div class=\"rp_banner\">Picture Gallery<\/div><div class=\"rp_pictures\"><div class=\"rp_picture\"><a href=\"https:\/\/maronfamily.ch\/wp-content\/plugins\/rootspersona\/\/images\/girl-silhouette.gif\"><img decoding=\"async\" width=\"100px\" src=\"https:\/\/maronfamily.ch\/wp-content\/plugins\/rootspersona\/\/images\/girl-silhouette.gif\"\/><\/a><div class=\"rp_caption\">&#160;<\/div><\/div><div class=\"rp_picture\"><a href=\"https:\/\/maronfamily.ch\/wp-content\/plugins\/rootspersona\/\/images\/girl-silhouette.gif\"><img decoding=\"async\" width=\"100px\" src=\"https:\/\/maronfamily.ch\/wp-content\/plugins\/rootspersona\/\/images\/girl-silhouette.gif\"\/><\/a><div class=\"rp_caption\">&#160;<\/div><\/div><div class=\"rp_picture\"><a href=\"https:\/\/maronfamily.ch\/wp-content\/plugins\/rootspersona\/\/images\/girl-silhouette.gif\"><img decoding=\"async\" width=\"100px\" src=\"https:\/\/maronfamily.ch\/wp-content\/plugins\/rootspersona\/\/images\/girl-silhouette.gif\"\/><\/a><div class=\"rp_caption\">&#160;<\/div><\/div><div class=\"rp_picture\"><a href=\"https:\/\/maronfamily.ch\/wp-content\/plugins\/rootspersona\/\/images\/girl-silhouette.gif\"><img decoding=\"async\" width=\"100px\" src=\"https:\/\/maronfamily.ch\/wp-content\/plugins\/rootspersona\/\/images\/girl-silhouette.gif\"\/><\/a><div class=\"rp_caption\">&#160;<\/div><\/div><div class=\"rp_picture\"><a href=\"https:\/\/maronfamily.ch\/wp-content\/plugins\/rootspersona\/\/images\/girl-silhouette.gif\"><img decoding=\"async\" width=\"100px\" src=\"https:\/\/maronfamily.ch\/wp-content\/plugins\/rootspersona\/\/images\/girl-silhouette.gif\"\/><\/a><div class=\"rp_caption\">&#160;<\/div><\/div><div class=\"rp_picture\"><a href=\"https:\/\/maronfamily.ch\/wp-content\/plugins\/rootspersona\/\/images\/girl-silhouette.gif\"><img decoding=\"async\" width=\"100px\" src=\"https:\/\/maronfamily.ch\/wp-content\/plugins\/rootspersona\/\/images\/girl-silhouette.gif\"\/><\/a><div class=\"rp_caption\">&#160;<\/div><\/div><\/div><div class=\"rp_banner\"><\/div><\/section><div class=\"rp_banner\"><\/div>\n","protected":false},"excerpt":{"rendered":"","protected":false},"author":0,"featured_media":0,"parent":174,"menu_order":0,"comment_status":"closed","ping_status":"closed","template":"","meta":{"ngg_post_thumbnail":0,"footnotes":""},"class_list":["post-575","page","type-page","status-publish","hentry"],"jetpack_sharing_enabled":true,"_links":{"self":[{"href":"https:\/\/maronfamily.ch\/index.php?rest_route=\/wp\/v2\/pages\/575","targetHints":{"allow":["GET"]}}],"collection":[{"href":"https:\/\/maronfamily.ch\/index.php?rest_route=\/wp\/v2\/pages"}],"about":[{"href":"https:\/\/maronfamily.ch\/index.php?rest_route=\/wp\/v2\/types\/page"}],"replies":[{"embeddable":true,"href":"https:\/\/maronfamily.ch\/index.php?rest_route=%2Fwp%2Fv2%2Fcomments&post=575"}],"version-history":[{"count":1,"href":"https:\/\/maronfamily.ch\/index.php?rest_route=\/wp\/v2\/pages\/575\/revisions"}],"predecessor-version":[{"id":684,"href":"https:\/\/maronfamily.ch\/index.php?rest_route=\/wp\/v2\/pages\/575\/revisions\/684"}],"up":[{"embeddable":true,"href":"https:\/\/maronfamily.ch\/index.php?rest_route=\/wp\/v2\/pages\/174"}],"wp:attachment":[{"href":"https:\/\/maronfamily.ch\/index.php?rest_route=%2Fwp%2Fv2%2Fmedia&parent=575"}],"curies":[{"name":"wp","href":"https:\/\/api.w.org\/{rel}","templated":true}]}}